{"id":14741,"date":"2020-12-29T13:56:23","date_gmt":"2020-12-29T13:56:23","guid":{"rendered":"http:\/\/nihonbashi.at\/karaoke\/"},"modified":"2024-07-22T11:59:40","modified_gmt":"2024-07-22T11:59:40","slug":"karaoke","status":"publish","type":"page","link":"https:\/\/nihonbashi.at\/en\/karaoke\/","title":{"rendered":"Seseragi &#8211; Bar &#038; Karaoke"},"content":{"rendered":"<div id=\"cmsmasters_row_zba3z4a40c\" class=\"cmsmasters_row cmsmasters_color_scheme_default cmsmasters_row_top_default cmsmasters_row_bot_default cmsmasters_row_boxed\">\n<div class=\"cmsmasters_row_outer_parent\">\n<div class=\"cmsmasters_row_outer\">\n<div class=\"cmsmasters_row_inner\">\n<div class=\"cmsmasters_row_margin\">\n<div id=\"cmsmasters_column_mc9m97kvca\" class=\"cmsmasters_column one_first\">\n<div class=\"cmsmasters_column_inner\"><div id=\"cmsmasters_heading_hf2j53n8pf\" class=\"cmsmasters_heading_wrap cmsmasters_heading_align_center\">\n\t<h2 class=\"cmsmasters_heading\"><\/h2>\n<\/div>\n<\/div><\/div>\n<\/div>\n<\/div>\n<\/div>\n<\/div>\n<\/div>\n<div id=\"cmsmasters_row_tpo43c08pa\" class=\"cmsmasters_row cmsmasters_color_scheme_default cmsmasters_row_top_default cmsmasters_row_bot_default cmsmasters_row_fullwidth\">\n<div class=\"cmsmasters_row_outer_parent\">\n<div class=\"cmsmasters_row_outer\">\n<div class=\"cmsmasters_row_inner cmsmasters_row_fullwidth\">\n<div class=\"cmsmasters_row_margin\">\n<div id=\"cmsmasters_column_3e1cai8t0q\" class=\"cmsmasters_column one_fourth\">\n<div class=\"cmsmasters_column_inner\"><\/div><\/div>\n<div id=\"cmsmasters_column_8omktd4cmk\" class=\"cmsmasters_column one_fourth\">\n<div class=\"cmsmasters_column_inner\"><\/div><\/div>\n<div id=\"cmsmasters_column_ti4who6hzr\" class=\"cmsmasters_column one_fourth\">\n<div class=\"cmsmasters_column_inner\"><\/div><\/div>\n<div id=\"cmsmasters_column_ssvjx56rbh\" class=\"cmsmasters_column one_fourth darkAll\">\n<div class=\"cmsmasters_column_inner\"><div id=\"cmsmasters_icon_awb4udc2qf\" class=\"cmsmasters_icon_wrap\"><a href=\"https:\/\/www.facebook.com\/seseragi.at\" target=\"_blank\"><span class=\"cmsmasters_simple_icon cmsmasters-icon-facebook-squared\"><\/span><span class=\"cmsmasters_simple_icon_title\"><\/span><\/a><\/div>\n<div id=\"cmsmasters_icon_6h9hfp08ir\" class=\"cmsmasters_icon_wrap\"><a href=\"https:\/\/www.instagram.com\/seseragi.wien\/\" target=\"_blank\"><span class=\"cmsmasters_simple_icon cmsmasters-icon-custom-instagram-3\"><\/span><span class=\"cmsmasters_simple_icon_title\"><\/span><\/a><\/div>\n<div id=\"cmsmasters_icon_yh73glmcj\" class=\"cmsmasters_icon_wrap\"><a href=\"https:\/\/twitter.com\/SeseragiW\" target=\"_blank\"><span class=\"cmsmasters_simple_icon cmsmasters-icon-twitter-squared\"><\/span><span class=\"cmsmasters_simple_icon_title\"><\/span><\/a><\/div>\n<div id=\"cmsmasters_icon_a2v46itzkp\" class=\"cmsmasters_icon_wrap\"><a href=\"https:\/\/wa.me\/436607823249\"><span class=\"cmsmasters_simple_icon cmsmasters-icon-whatsapp hidden\"><\/span><span class=\"cmsmasters_simple_icon_title\"><\/span><\/a><\/div>\n<\/div><\/div>\n<\/div>\n<\/div>\n<\/div>\n<\/div>\n<\/div>\n<div id=\"cmsmasters_row_hz7xb885y\" class=\"cmsmasters_row cmsmasters_color_scheme_default cmsmasters_row_top_default cmsmasters_row_bot_default cmsmasters_row_boxed\">\n<div class=\"cmsmasters_row_outer_parent\">\n<div class=\"cmsmasters_row_outer\">\n<div class=\"cmsmasters_row_inner\">\n<div class=\"cmsmasters_row_margin\">\n<div id=\"cmsmasters_column_zyvjgr5g7\" class=\"cmsmasters_column one_half\">\n<div class=\"cmsmasters_column_inner\"><div id=\"cmsmasters_heading_lqtg8v2z8\" class=\"cmsmasters_heading_wrap cmsmasters_heading_align_left darkAll\">\n\t<h3 class=\"cmsmasters_heading\">Karaoke<\/h3>\n<\/div><div class=\"cmsmasters_text\">\n<p>In our Karaoke rooms we offer you an authentic Karaoke experience in your own private rooms. With a huge selection of Japanese classics, global charts and popular songs from Korea and China we offer songs for every taste.<\/p>\n<p>We will happily take your reservation per telephone or E-Mail.<\/p>\n<\/div>\n<div class=\"cmsmasters_text darkAll\">\n<h4><u>Opening Hours:<\/u><\/h4>\n<p>Daily (including Sundays and public holidays) from 18:00 \u2013 22:30 (reservation needed)<\/p>\n<p>&nbsp;<\/p>\n<\/div>\n<\/div><\/div>\n<div id=\"cmsmasters_column_qjyvssbgkh\" class=\"cmsmasters_column one_half\">\n<div class=\"cmsmasters_column_inner\"><div class=\"aligncenter\"><div class=\"cmsmasters_img  cmsmasters_image_c shadowImgRight\"><img decoding=\"async\" src=\"https:\/\/nihonbashi.at\/wp-content\/uploads\/2021\/04\/Karaoke-Raum-scaled.jpg\" \/><\/div><\/div>\n<\/div><\/div>\n<\/div>\n<\/div>\n<\/div>\n<\/div>\n<\/div>\n<div id=\"cmsmasters_row_8pqli293dp\" class=\"cmsmasters_row cmsmasters_color_scheme_default cmsmasters_row_top_default cmsmasters_row_bot_default cmsmasters_row_boxed\">\n<div class=\"cmsmasters_row_outer_parent\">\n<div class=\"cmsmasters_row_outer\">\n<div class=\"cmsmasters_row_inner\">\n<div class=\"cmsmasters_row_margin\">\n<div id=\"cmsmasters_column_7bu93ts5u\" class=\"cmsmasters_column one_first\">\n<div class=\"cmsmasters_column_inner\"><div class=\"cmsmasters_text darkAll\">\n<h4><u>Our time slots and room fee<\/u><\/h4>\n<p>Our Karaoke rooms can be rented for blocks of 90min each.<\/p>\n<\/div>\n<\/div><\/div>\n<\/div>\n<\/div>\n<\/div>\n<\/div>\n<\/div>\n<div id=\"cmsmasters_row_tko9wesyq\" class=\"cmsmasters_row cmsmasters_color_scheme_default cmsmasters_row_top_default cmsmasters_row_bot_default cmsmasters_row_boxed\">\n<div class=\"cmsmasters_row_outer_parent\">\n<div class=\"cmsmasters_row_outer\">\n<div class=\"cmsmasters_row_inner\">\n<div class=\"cmsmasters_row_margin\">\n<div id=\"cmsmasters_column_wifyz91gy\" class=\"cmsmasters_column one_fourth\">\n<div class=\"cmsmasters_column_inner\"><div class=\"cmsmasters_img  cmsmasters_image_n shadowImgRight\"><img decoding=\"async\" src=\"https:\/\/nihonbashi.at\/wp-content\/uploads\/2021\/05\/mic.png\" \/><\/div>\n<\/div><\/div>\n<div id=\"cmsmasters_column_0qdyzrw2xe\" class=\"cmsmasters_column three_fourth\">\n<div class=\"cmsmasters_column_inner\"><div class=\"cmsmasters_table_wrap\"><table class=\"cmsmasters_table\"><caption><\/caption><tr><td class=\"cmsmasters_table_cell_alignleft\"><\/td><td class=\"cmsmasters_table_cell_aligncenter\">Osaka &amp; Kyoto (up to 6 people)<\/td><td class=\"cmsmasters_table_cell_aligncenter\">Yokohama (up to 12 people)<\/td><\/tr><tr><td class=\"cmsmasters_table_cell_alignleft\"><b>Block 1:<\/b> 18:00 \u2013 19:30 <\/td><td class=\"cmsmasters_table_cell_aligncenter\">\u20ac45,-<\/td><td class=\"cmsmasters_table_cell_aligncenter\">\u20ac60,-<\/td><\/tr><tr><td class=\"cmsmasters_table_cell_alignleft\"><b>Block 2:<\/b> 19:30 \u2013 21:00 <\/td><td class=\"cmsmasters_table_cell_aligncenter\">\u20ac45,-<\/td><td class=\"cmsmasters_table_cell_aligncenter\">\u20ac60,-<\/td><\/tr><tr><td class=\"cmsmasters_table_cell_alignleft\"><b>Block 3:<\/b> 21:00 \u2013 22:30 <\/td><td class=\"cmsmasters_table_cell_aligncenter\">\u20ac45,-<\/td><td class=\"cmsmasters_table_cell_aligncenter\">\u20ac60,-<\/td><\/tr><\/table><\/div><div class=\"cmsmasters_text\">\n<p>We are always happy to see our guests having a good time and wanting to extend the reservation by another time slots. However, we ask for your understanding, that we can only offer an extension when the following time slot is still open.<\/p>\n<p>In case you exceed your time slot we will have to charge you the room fee for the following time slot. We ask for your understanding.<\/p>\n<\/div>\n<\/div><\/div>\n<\/div>\n<\/div>\n<\/div>\n<\/div>\n<\/div>\n<div id=\"cmsmasters_row_xwhywkcrt\" class=\"cmsmasters_row cmsmasters_color_scheme_default cmsmasters_row_top_default cmsmasters_row_bot_default cmsmasters_row_boxed\">\n<div class=\"cmsmasters_row_outer_parent\">\n<div class=\"cmsmasters_row_outer\">\n<div class=\"cmsmasters_row_inner\">\n<div class=\"cmsmasters_row_margin\">\n<div id=\"cmsmasters_column_c7rbw268pe\" class=\"cmsmasters_column one_first\">\n<div class=\"cmsmasters_column_inner\"><div class=\"cmsmasters_text darkAll\">\n<h4><u>For your reservation, please include the following:<\/u><\/h4>\n<p>Date, block 1, 2 and\/or 3, room Osaka\/Kyoto or Yokohama, number of people, your name and phone number.<\/p>\n<p style=\"font-weight: 400;\">\n<\/div>\n<div class=\"cmsmasters_text\">\n<p>&nbsp;<\/p>\n<\/div>\n<div class=\"cmsmasters_text\">\n<p>&nbsp;<\/p>\n<\/div>\n<div class=\"cmsmasters_text\">\n<p>&nbsp;<\/p>\n<\/div>\n<div class=\"cmsmasters_text\">\n<p>&nbsp;<\/p>\n<\/div>\n<div class=\"cmsmasters_text darkAll\">\n<h4><u>Eating in our Karaoke rooms<br \/>\n<\/u><\/h4>\n<p>In our karaoke rooms we can offer you small snacks such as Edamame. Bringing of any other food is unfortunately not allowed.<\/p>\n<\/div>\n<div class=\"cmsmasters_text darkAll\">\n<h4><u>Please note that\u2026<\/u><\/h4>\n<p>&#8230;reservations should be cancelled as soon as possible if you can not come<\/p>\n<p>&#8230;your reservation will expire after 15min in case you don\u2019t turn up.<\/p>\n<p>&#8230;you are liable for any damages in our karaoke rooms. So please handle our equipment with care.<\/p>\n<\/div>\n<div class=\"cmsmasters_text darkAll\">\n<h4 style=\"text-align: center;\">It is of our utmost priority for you to have an enjoyable and fun experience. We are looking forward to hearing from you.<\/h4>\n<\/div>\n<\/div><\/div>\n<\/div>\n<\/div>\n<\/div>\n<\/div>\n<\/div>\n<div id=\"cmsmasters_row_zlzbpd079p\" class=\"cmsmasters_row cmsmasters_color_scheme_default hidden cmsmasters_row_top_default cmsmasters_row_bot_default cmsmasters_row_boxed\">\n<div class=\"cmsmasters_row_outer_parent\">\n<div class=\"cmsmasters_row_outer\">\n<div class=\"cmsmasters_row_inner\">\n<div class=\"cmsmasters_row_margin\">\n<div id=\"cmsmasters_column_px31s8xgjd\" class=\"cmsmasters_column one_first\">\n<div class=\"cmsmasters_column_inner\"><div id=\"cmsmasters_heading_0x2vhx9xzh\" class=\"cmsmasters_heading_wrap cmsmasters_heading_align_left\">\n\t<h2 class=\"cmsmasters_heading\">FAQ<\/h2>\n<\/div><div class=\"cmsmasters_text\">\n<p><i>1.Wir sind zu neunt und w\u00fcrden gerne einen kleinen Karaoke-Raum mieten. Ist das m\u00f6glich?<\/i><br \/>\nGrunds\u00e4tzlich empfehlen wir die R\u00e4ume Osaka und Kyoto f\u00fcr bis zu 6 Personen. Wenn Sie zur Kenntnis nehmen, dass es eng wird, k\u00f6nnen Sie einen davon auch gerne f\u00fcr 8 Personen reservieren. Gruppen \u00fcber 8 Personen k\u00f6nnen wir leider keinen kleinen Karaoke-Raum anbieten.<\/p>\n<p><i>2.Ich m\u00f6chte einen Raum ab 19:00 Uhr reservieren. Wie sieht da die Miete aus?<\/i><br \/>\nBitte haben Sie Verst\u00e4ndnis daf\u00fcr, dass nur ganze Zeitfenster buchbar sind. Bei einer Reservierung ab 19:00 Uhr wird die Miete vom 1. Zeitfenster ganz verrechnet. Wenn Sie l\u00e4nger als 30 Minuten bleiben, f\u00e4llt zus\u00e4tzlich die Miete f\u00fcr das zweite Zeitfenster an.<\/p>\n<p><i>3.Ich habe nur das Zeitfenster 19:30-21:00 reserviert, m\u00f6chte aber, weil wir so viel Spa\u00df haben, noch l\u00e4nger bleiben. Ist das m\u00f6glich?<\/i><br \/>\nDie Verl\u00e4ngerung ist m\u00f6glich, wenn der Raum danach nicht reserviert ist. Das hei\u00dft, wenn niemand das Zeitfenster nach Ihnen gebucht hat, k\u00f6nnen Sie gerne verl\u00e4ngern.<\/p>\n<p>Wenn Sie weitere Fragen haben, stehen wir Ihnen gerne telefonisch oder per E-Mail zur Verf\u00fcgung.<\/p>\n<\/div>\n<\/div><\/div>\n<\/div>\n<\/div>\n<\/div>\n<\/div>\n<\/div>\n<div id=\"cmsmasters_row_akyos2afes\" class=\"cmsmasters_row cmsmasters_color_scheme_default cmsmasters_row_top_default cmsmasters_row_bot_default cmsmasters_row_boxed\">\n<div class=\"cmsmasters_row_outer_parent\">\n<div class=\"cmsmasters_row_outer\">\n<div class=\"cmsmasters_row_inner\">\n<div class=\"cmsmasters_row_margin\">\n<div id=\"cmsmasters_column_dzl7oqnjc2\" class=\"cmsmasters_column one_first\">\n<div class=\"cmsmasters_column_inner\"><p><\/p>\n<\/div><\/div>\n<\/div>\n<\/div>\n<\/div>\n<\/div>\n<\/div>\n\n","protected":false},"excerpt":{"rendered":"","protected":false},"author":2,"featured_media":0,"parent":0,"menu_order":0,"comment_status":"closed","ping_status":"closed","template":"","meta":{"footnotes":""},"class_list":["post-14741","page","type-page","status-publish","hentry"],"_links":{"self":[{"href":"https:\/\/nihonbashi.at\/en\/wp-json\/wp\/v2\/pages\/14741","targetHints":{"allow":["GET"]}}],"collection":[{"href":"https:\/\/nihonbashi.at\/en\/wp-json\/wp\/v2\/pages"}],"about":[{"href":"https:\/\/nihonbashi.at\/en\/wp-json\/wp\/v2\/types\/page"}],"author":[{"embeddable":true,"href":"https:\/\/nihonbashi.at\/en\/wp-json\/wp\/v2\/users\/2"}],"replies":[{"embeddable":true,"href":"https:\/\/nihonbashi.at\/en\/wp-json\/wp\/v2\/comments?post=14741"}],"version-history":[{"count":0,"href":"https:\/\/nihonbashi.at\/en\/wp-json\/wp\/v2\/pages\/14741\/revisions"}],"wp:attachment":[{"href":"https:\/\/nihonbashi.at\/en\/wp-json\/wp\/v2\/media?parent=14741"}],"curies":[{"name":"wp","href":"https:\/\/api.w.org\/{rel}","templated":true}]}}